{"id":314,"date":"2024-08-10T16:18:23","date_gmt":"2024-08-10T16:18:23","guid":{"rendered":"https:\/\/solutek-wp.laralink.com\/?page_id=314"},"modified":"2025-06-10T21:36:57","modified_gmt":"2025-06-10T21:36:57","slug":"hakkimizda","status":"publish","type":"page","link":"https:\/\/www.renklidusleranaokulu.com.tr\/index.php\/hakkimizda\/","title":{"rendered":"HAKKIMIZDA"},"content":{"rendered":"\t\t<div data-elementor-type=\"wp-page\" data-elementor-id=\"314\" class=\"elementor elementor-314\">\n\t\t\t\t<div class=\"elementor-element elementor-element-2d7db53 e-con-full e-flex e-con e-parent\" data-id=\"2d7db53\" data-element_type=\"container\" data-e-type=\"container\">\n\t\t\t\t<div class=\"elementor-element elementor-element-2fb848a elementor-widget elementor-widget-hero-banner\" data-id=\"2fb848a\" data-element_type=\"widget\" data-e-type=\"widget\" data-widget_type=\"hero-banner.default\">\n\t\t\t\t<div class=\"elementor-widget-container\">\n\t\t\t\t\t\r\n    \r\n        <div class=\"hero-area d-flex align-items-center\" data-src=\"https:\/\/www.renklidusleranaokulu.com.tr\/wp-content\/uploads\/2025\/05\/APPS350.jpg\">\r\n            <div class=\"container\">\r\n                <div class=\"row hero align-items-center\">\r\n                                        <div class=\"col-lg-6\">\r\n                        <div class=\"hero-contant\">\r\n                                                        <h5>Hayallerle B\u00fcy\u00fcyen Bir Yolculuk<\/h5>\r\n                                                          <h1 >2016'dan  bug\u00fcne<\/h1> \r\n                                                          <p>Renkli D\u00fc\u015fler Anaokulu olarak, \u00e7ocuklar\u0131n \u00f6\u011frenme s\u00fcre\u00e7lerini ke\u015fif ve oyun yoluyla destekliyoruz. Deneyimli e\u011fitim kadromuz, \u00e7a\u011fda\u015f e\u011fitim y\u00f6ntemleri ve g\u00fcvenli ortam\u0131m\u0131zla minik kalplerin d\u00fcnyas\u0131na dokunuyoruz. Her g\u00fcn yeni bir d\u00fc\u015f, her g\u00fcn yeni bir ke\u015fif!<\/p>\r\n                                                    \r\n                            <div class=\"solutek-btn\">\r\n                                <a > \r\n                                    <div class=\"solutek-hover-btn hover-bx\"><\/div>\r\n                                    <div class=\"solutek-hover-btn hover-bx2\"><\/div>\r\n                                    <div class=\"solutek-hover-btn hover-bx3\"><\/div>\r\n                                    <div class=\"solutek-hover-btn hover-bx4\"><\/div>\r\n                                <\/a>\r\n                            <\/div>\r\n                                                    <\/div>\r\n                    <\/div>\r\n                                                             <div class=\"col-lg-6\">\r\n                        <div class=\"hero-thumb\">\r\n                            <img decoding=\"async\" src=\"https:\/\/www.renklidusleranaokulu.com.tr\/wp-content\/uploads\/2025\/06\/WhatsApp-Image-2025-06-04-at-22.53.18-e1749067293403.jpeg\" alt=\"\">\r\n                        <\/div>\r\n                    <\/div>\r\n                                    <\/div>\r\n            <\/div>\r\n        <\/div>\r\n\r\n        \r\n    \t\t\t\t<\/div>\n\t\t\t\t<\/div>\n\t\t\t\t<\/div>\n\t\t<div class=\"elementor-element elementor-element-f99a42d e-con-full e-flex e-con e-parent\" data-id=\"f99a42d\" data-element_type=\"container\" data-e-type=\"container\">\n\t\t\t\t<div class=\"elementor-element elementor-element-639fa95 elementor-widget elementor-widget-services\" data-id=\"639fa95\" data-element_type=\"widget\" data-e-type=\"widget\" data-widget_type=\"services.default\">\n\t\t\t\t<div class=\"elementor-widget-container\">\n\t\t\t\t\t\r\n                 \r\n        <div class=\"sservice-area\">\r\n            <div class=\"container\">\r\n                <div class=\"row align-items-center\">\r\n                    <div class=\"col-lg-12\">\r\n                                                <div class=\"section-title text-center\">\r\n                                                            <h5 class=\"section-sub-title\">Renkli D\u00fc\u015fler Anaokulu<\/h5>\r\n                                                        \r\n                                                         \r\n                        <\/div>\r\n                          \r\n                    <\/div>\r\n\r\n                                                                                                                                <\/div>\r\n                <div class=\"service-shape bounce-animate3\">\r\n                    <img decoding=\"async\" src=\"https:\/\/www.renklidusleranaokulu.com.tr\/wp-content\/themes\/solutek\/assets\/images\/service5.png\" alt=\"service3\">\r\n                <\/div>\r\n                <div class=\"service-shape2\">\r\n                    <img decoding=\"async\" src=\"https:\/\/www.renklidusleranaokulu.com.tr\/wp-content\/themes\/solutek\/assets\/images\/service7.png\" alt=\"service4\">\r\n                <\/div>\r\n                <div class=\"service-shape3 bounce-animate4\">\r\n                    <img decoding=\"async\" src=\"https:\/\/www.renklidusleranaokulu.com.tr\/wp-content\/themes\/solutek\/assets\/images\/service8.png\" alt=\"service5\">\r\n                <\/div>\r\n            <\/div>\r\n        <\/div>\r\n\r\n        \r\n    \t\t\t\t<\/div>\n\t\t\t\t<\/div>\n\t\t\t\t<\/div>\n\t\t<div class=\"elementor-element elementor-element-add288a e-con-full e-flex e-con e-parent\" data-id=\"add288a\" data-element_type=\"container\" data-e-type=\"container\">\n\t\t\t\t<div class=\"elementor-element elementor-element-de0addf elementor-widget elementor-widget-about\" data-id=\"de0addf\" data-element_type=\"widget\" data-e-type=\"widget\" data-widget_type=\"about.default\">\n\t\t\t\t<div class=\"elementor-widget-container\">\n\t\t\t\t\t\r\n        \r\n        <div class=\"about-area style-two\" data-src=\"https:\/\/www.renklidusleranaokulu.com.tr\/wp-content\/uploads\/2024\/08\/about-bg.png\">\r\n            <div class=\"container\">\r\n                <div class=\"row align-items-center\">\r\n                    <div class=\"col-lg-6\">\r\n                        <div class=\"about-thumbail\">\r\n                            <div class=\"about-thumb\">\r\n                                <img decoding=\"async\" src=\"https:\/\/www.renklidusleranaokulu.com.tr\/wp-content\/uploads\/2025\/06\/WhatsApp-Image-2025-05-11-at-21.47.02-Photoroom.png\" alt=\"\"> \r\n                            <\/div>\r\n                            <div class=\"about-shape\">\r\n                                <img decoding=\"async\" src=\"https:\/\/www.renklidusleranaokulu.com.tr\/wp-content\/themes\/solutek\/assets\/images\/home-two\/about-shape.png\" alt=\"about1\">\r\n                            <\/div>\r\n                        <\/div>\r\n                    <\/div>\r\n                    <div class=\"col-lg-6\">\r\n                        <div class=\"about-section-content\">\r\n\r\n                                               <div class=\"section-title text-left\">\r\n                                                                                     \r\n                                                    <\/div>\r\n                        \r\n                            <div class=\"about-list-item\">\r\n                                <ul>\r\n                                                                    <li><img decoding=\"async\" src=\"https:\/\/www.renklidusleranaokulu.com.tr\/wp-content\/themes\/solutek\/assets\/images\/home-two\/about-icon2.png\" alt=\"icon\">Vizyonumuz Renkli D\u00fc\u015fler Anaokulu olarak; her \u00e7ocu\u011fun benzersiz, yarat\u0131c\u0131 ve ke\u015ffetmeye a\u00e7\u0131k bireyler oldu\u011funa inan\u0131yoruz. Vizyonumuz, \u00e7ocuklar\u0131m\u0131z\u0131n \u00f6zg\u00fcvenli, mutlu ve topluma duyarl\u0131 bireyler olarak yeti\u015fmelerini sa\u011flamak; onlar\u0131 gelece\u011fe sevgi, bilgi ve hayal g\u00fcc\u00fcyle haz\u0131rlamakt\u0131r.<\/li>\r\n                                                                        <li><img decoding=\"async\" src=\"https:\/\/www.renklidusleranaokulu.com.tr\/wp-content\/themes\/solutek\/assets\/images\/home-two\/about-icon2.png\" alt=\"icon\">Misyonumuz 2016'dan bu yana \u00e7ocuklar\u0131n renkli d\u00fc\u015flerine ortak oluyor, \u00f6\u011frenmeyi oyunla, sevgiyi disiplinle bulu\u015fturuyoruz. Misyonumuz; g\u00fcvenli, sevgi dolu ve ilham verici bir ortamda, \u00e7ocuklar\u0131n bireysel geli\u015fimlerini desteklemek, sosyal-duygusal becerilerini geli\u015ftirmek ve \u00f6\u011frenmeye kar\u015f\u0131 kal\u0131c\u0131 bir merak uyand\u0131rmakt\u0131r.<\/li>\r\n                                                                    <\/ul>\r\n                            <\/div>\r\n                            <div class=\"solutek-btn\">\r\n                                <a  ><\/a>\r\n                            <\/div>\r\n                            <div class=\"about-contact-box\">\r\n                                <div class=\"call-box\">\r\n                                    <div class=\"about-contact\">\r\n                                        <img decoding=\"async\" src=\"\" alt=\"\">\r\n                                    <\/div>\r\n                                    <div class=\"about-contact-content\">\r\n                                            \r\n                                          \r\n                                    <\/div>\r\n                                <\/div>\r\n                           <\/div>\r\n                        <\/div>  \r\n                    <\/div>\r\n                <\/div>\r\n            <\/div>\r\n        <\/div>\r\n\r\n         \r\n    \t\t\t\t<\/div>\n\t\t\t\t<\/div>\n\t\t\t\t<\/div>\n\t\t<div class=\"elementor-element elementor-element-feffd41 e-con-full e-flex e-con e-parent\" data-id=\"feffd41\" data-element_type=\"container\" data-e-type=\"container\">\n\t\t\t\t<div class=\"elementor-element elementor-element-00bc8fa elementor-widget elementor-widget-tp-fact\" data-id=\"00bc8fa\" data-element_type=\"widget\" data-e-type=\"widget\" data-widget_type=\"tp-fact.default\">\n\t\t\t\t<div class=\"elementor-widget-container\">\n\t\t\t\t\t\r\n        \r\n        <div class=\"counter-area\">\r\n            <div class=\"container\">\r\n                <div class=\"row counter-item\" data-src=\"https:\/\/www.renklidusleranaokulu.com.tr\/wp-content\/uploads\/2024\/08\/counter-bg.png\">\r\n                                        <div class=\"col-lg-3 col-md-6 col-sm-6\">\r\n                        <div class=\"counter-single-box\">\r\n                            <div class=\"counter-content\">\r\n                                <h4><span class=\"odometer\" data-count-to=\"\"><\/h4>\r\n                                <span>%100<\/span>\r\n                                <p>Memnuniyet<\/p>\r\n                            <\/div>\r\n                        <\/div>\r\n                    <\/div>\r\n                                        <div class=\"col-lg-3 col-md-6 col-sm-6\">\r\n                        <div class=\"counter-single-box\">\r\n                            <div class=\"counter-content\">\r\n                                <h4><span class=\"odometer\" data-count-to=\"\"><\/h4>\r\n                                <span>250+<\/span>\r\n                                <p>\u00c7ocuklar\u0131m\u0131z<\/p>\r\n                            <\/div>\r\n                        <\/div>\r\n                    <\/div>\r\n                                        <div class=\"col-lg-3 col-md-6 col-sm-6\">\r\n                        <div class=\"counter-single-box\">\r\n                            <div class=\"counter-content\">\r\n                                <h4><span class=\"odometer\" data-count-to=\"\"><\/h4>\r\n                                <span>25+<\/span>\r\n                                <p>de\u011ferli \u00e7al\u0131\u015fma arkada\u015flar\u0131m\u0131z<\/p>\r\n                            <\/div>\r\n                        <\/div>\r\n                    <\/div>\r\n                                        <div class=\"col-lg-3 col-md-6 col-sm-6\">\r\n                        <div class=\"counter-single-box\">\r\n                            <div class=\"counter-content\">\r\n                                <h4><span class=\"odometer\" data-count-to=\"\"><\/h4>\r\n                                <span>2<\/span>\r\n                                <p>\u015fube say\u0131m\u0131z<\/p>\r\n                            <\/div>\r\n                        <\/div>\r\n                    <\/div>\r\n                                    <\/div>\r\n                <div class=\"counter-thumb\">\r\n                    <img decoding=\"async\" src=\"https:\/\/www.renklidusleranaokulu.com.tr\/wp-content\/uploads\/2025\/06\/WhatsApp-Image-2025-06-04-at-22.53.18-5-e1749067175951.jpeg\" alt=\"\">\r\n                <\/div>\r\n            <\/div>\r\n        <\/div>\r\n\r\n        \r\n    \t\t\t\t<\/div>\n\t\t\t\t<\/div>\n\t\t\t\t<\/div>\n\t\t<div class=\"elementor-element elementor-element-43cb0da e-con-full e-flex e-con e-parent\" data-id=\"43cb0da\" data-element_type=\"container\" data-e-type=\"container\">\n\t\t\t\t<div class=\"elementor-element elementor-element-5c36311 elementor-widget elementor-widget-case-study\" data-id=\"5c36311\" data-element_type=\"widget\" data-e-type=\"widget\" data-widget_type=\"case-study.default\">\n\t\t\t\t<div class=\"elementor-widget-container\">\n\t\t\t\t\t\r\n        <div class=\"case-studies-area\">\r\n            <div class=\"container\">\r\n                <div class=\"row\">\r\n                    <div class=\"col-lg-12\">\r\n                                                <div class=\"section-title text-center\">\r\n                                                        <h6 class=\"section-sub-title\">Bizi Tercih Etti\u011finiz \u0130\u00e7in Te\u015fekk\u00fcr Ederiz<\/h6>\r\n                                                         <h1 class=\"section-main-title2\">Renkli D\u00fc\u015fler\u2019de B\u00fcy\u00fcmek Bir Masal Gibi<\/h1>                            \r\n                        <\/div>\r\n                                            <\/div>\r\n                <\/div>\r\n                <div class=\"row\">\r\n                                                                                    \r\n                <\/div>\r\n            <\/div>\r\n        <\/div>\r\n\r\n    \t\t\t\t<\/div>\n\t\t\t\t<\/div>\n\t\t\t\t<\/div>\n\t\t\t\t<\/div>\n\t\t","protected":false},"excerpt":{"rendered":"<p>Hayallerle B\u00fcy\u00fcyen Bir Yolculuk 2016\u2019dan bug\u00fcne Renkli D\u00fc\u015fler Anaokulu olarak, \u00e7ocuklar\u0131n \u00f6\u011frenme s\u00fcre\u00e7lerini ke\u015fif ve oyun yoluyla destekliyoruz. Deneyimli e\u011fitim kadromuz, \u00e7a\u011fda\u015f e\u011fitim y\u00f6ntemleri ve g\u00fcvenli ortam\u0131m\u0131zla minik kalplerin d\u00fcnyas\u0131na dokunuyoruz. Her g\u00fcn yeni bir d\u00fc\u015f, her g\u00fcn yeni bir ke\u015fif! Renkli D\u00fc\u015fler Anaokulu Vizyonumuz Renkli D\u00fc\u015fler Anaokulu olarak; her \u00e7ocu\u011fun benzersiz, yarat\u0131c\u0131 ve ke\u015ffetmeye [&hellip;]<\/p>\n","protected":false},"author":1,"featured_media":0,"parent":0,"menu_order":0,"comment_status":"closed","ping_status":"closed","template":"elementor_header_footer","meta":{"_acf_changed":false,"footnotes":""},"class_list":["post-314","page","type-page","status-publish","hentry"],"acf":[],"_links":{"self":[{"href":"https:\/\/www.renklidusleranaokulu.com.tr\/index.php\/wp-json\/wp\/v2\/pages\/314","targetHints":{"allow":["GET"]}}],"collection":[{"href":"https:\/\/www.renklidusleranaokulu.com.tr\/index.php\/wp-json\/wp\/v2\/pages"}],"about":[{"href":"https:\/\/www.renklidusleranaokulu.com.tr\/index.php\/wp-json\/wp\/v2\/types\/page"}],"author":[{"embeddable":true,"href":"https:\/\/www.renklidusleranaokulu.com.tr\/index.php\/wp-json\/wp\/v2\/users\/1"}],"replies":[{"embeddable":true,"href":"https:\/\/www.renklidusleranaokulu.com.tr\/index.php\/wp-json\/wp\/v2\/comments?post=314"}],"version-history":[{"count":25,"href":"https:\/\/www.renklidusleranaokulu.com.tr\/index.php\/wp-json\/wp\/v2\/pages\/314\/revisions"}],"predecessor-version":[{"id":1096,"href":"https:\/\/www.renklidusleranaokulu.com.tr\/index.php\/wp-json\/wp\/v2\/pages\/314\/revisions\/1096"}],"wp:attachment":[{"href":"https:\/\/www.renklidusleranaokulu.com.tr\/index.php\/wp-json\/wp\/v2\/media?parent=314"}],"curies":[{"name":"wp","href":"https:\/\/api.w.org\/{rel}","templated":true}]}}