{"id":331,"date":"2024-08-10T16:24:10","date_gmt":"2024-08-10T16:24:10","guid":{"rendered":"https:\/\/solutek-wp.laralink.com\/?page_id=331"},"modified":"2025-06-05T09:01:42","modified_gmt":"2025-06-05T09:01:42","slug":"iletisim","status":"publish","type":"page","link":"https:\/\/www.renklidusleranaokulu.com.tr\/index.php\/iletisim\/","title":{"rendered":"\u0130LET\u0130\u015e\u0130M"},"content":{"rendered":"\t\t<div data-elementor-type=\"wp-page\" data-elementor-id=\"331\" class=\"elementor elementor-331\">\n\t\t\t\t<div class=\"elementor-element elementor-element-355c9ab e-con-full e-flex e-con e-parent\" data-id=\"355c9ab\" data-element_type=\"container\" data-e-type=\"container\">\n\t\t\t\t<div class=\"elementor-element elementor-element-62d2773 elementor-widget elementor-widget-page-banner\" data-id=\"62d2773\" data-element_type=\"widget\" data-e-type=\"widget\" data-widget_type=\"page-banner.default\">\n\t\t\t\t<div class=\"elementor-widget-container\">\n\t\t\t\t\t\r\n        <div class=\"breadcumb-area about\" data-src=\"https:\/\/www.renklidusleranaokulu.com.tr\/wp-content\/uploads\/2024\/08\/breadcumb-bg.png\">\r\n            <div class=\"container\">\r\n                <div class=\"row\">\r\n                    <div class=\"col-lg-12\">\r\n                        <div class=\"breadcumb-content\">\r\n                            <h4>\u0130LET\u0130\u015e\u0130M<\/h4>\r\n                                                    <\/div>\r\n                    <\/div>\r\n                <\/div>\r\n            <\/div>\r\n        <\/div>\r\n\r\n    \t\t\t\t<\/div>\n\t\t\t\t<\/div>\n\t\t\t\t<\/div>\n\t\t<div class=\"elementor-element elementor-element-01e185e e-con-full e-flex e-con e-parent\" data-id=\"01e185e\" data-element_type=\"container\" data-e-type=\"container\">\n\t\t\t\t<div class=\"elementor-element elementor-element-a1a862f elementor-widget elementor-widget-contact-info\" data-id=\"a1a862f\" data-element_type=\"widget\" data-e-type=\"widget\" data-widget_type=\"contact-info.default\">\n\t\t\t\t<div class=\"elementor-widget-container\">\n\t\t\t\t\t\r\n        <div class=\"contact-area\" data-src=\"https:\/\/www.renklidusleranaokulu.com.tr\/wp-content\/uploads\/2025\/06\/f38c9bc4fdedca78ab1b8411643655f4.jpg\">\r\n            <div class=\"container\">\r\n                <div class=\"row\">\r\n                    <div class=\"col-lg-6 col-md-7\">\r\n                        <div class=\"section-title text-left\">\r\n                                                        <h5 class=\"section-sub-title\">SANCAKTEPE \u015eUBE<\/h5>\r\n                                                                                        <h1 class=\"section-main-title\">Sancaktepe, Arpa\u00e7ay Sk., 06220 Ke\u00e7i\u00f6ren\/Ankara<\/h1>\r\n                                                    <\/div>\r\n                                                    <div class=\"contact_from_box\">\r\n                                <div  id=\"dreamit-form\">\r\n                                    B\u0130Z\u0130MLE \u0130LET\u0130\u015e\u0130ME GE\u00c7\u0130N\u0130Z                                <\/div>\r\n                        <\/div>\r\n                                            <\/div>\r\n                    <div class=\"col-lg-6 col-md-5\">\r\n                        <div class=\"contact-box\">\r\n                            <div class=\"contact-video-icon\">    \r\n                                <a class=\"video-vemo-icon venobox vbox-item\" data-vbtype=\"youtube\" data-autoplay=\"true\" href=\"\"><\/a>\r\n                            <\/div>\r\n                        <\/div>\r\n                    <\/div>\r\n                <\/div>\r\n            <\/div>\r\n        <\/div>\r\n\r\n                <div class=\"google-map\">\r\n            <div class=\"container-fluid\">\r\n                <div class=\"row\">\r\n                    <div class=\"col-lg-12\">\r\n                        <iframe src=\"https:\/\/www.google.com\/maps\/embed?pb=!1m18!1m12!1m3!1d3056.5088151569817!2d32.812350099999996!3d39.9970808!2m3!1f0!2f0!3f0!3m2!1i1024!2i768!4f13.1!3m3!1m2!1s0x14d34c771151eb71%3A0x1865654430a82865!2zUkVOS0zEsCBEw5zFnkxFUiBBTkFPS1VMVQ!5e0!3m2!1str!2str!4v1749113116456!5m2!1str!2str\" width=\"600\" height=\"450\"><\/iframe>                    <\/div>\r\n                <\/div>\r\n            <\/div>\r\n        <\/div>\r\n        \r\n\r\n    \t\t\t\t<\/div>\n\t\t\t\t<\/div>\n\t\t\t\t<div class=\"elementor-element elementor-element-11fc151 elementor-widget elementor-widget-contact-info\" data-id=\"11fc151\" data-element_type=\"widget\" data-e-type=\"widget\" data-widget_type=\"contact-info.default\">\n\t\t\t\t<div class=\"elementor-widget-container\">\n\t\t\t\t\t\r\n        <div class=\"contact-area\" data-src=\"https:\/\/www.renklidusleranaokulu.com.tr\/wp-content\/uploads\/2025\/06\/images.png\">\r\n            <div class=\"container\">\r\n                <div class=\"row\">\r\n                    <div class=\"col-lg-6 col-md-7\">\r\n                        <div class=\"section-title text-left\">\r\n                                                        <h5 class=\"section-sub-title\">G\u00dcVENTEPE \u015eUBE<\/h5>\r\n                                                                                        <h1 class=\"section-main-title\">610 CADDE, G\u00fcventepe, 617. Sk. 5\/A, 06210 Yenimahalle\/Ankara<\/h1>\r\n                                                    <\/div>\r\n                                                    <div class=\"contact_from_box\">\r\n                                <div  id=\"dreamit-form\">\r\n                                    B\u0130Z\u0130MLE \u0130LET\u0130\u015e\u0130ME GE\u00c7\u0130N\u0130Z                                <\/div>\r\n                        <\/div>\r\n                                            <\/div>\r\n                    <div class=\"col-lg-6 col-md-5\">\r\n                        <div class=\"contact-box\">\r\n                            <div class=\"contact-video-icon\">    \r\n                                <a class=\"video-vemo-icon venobox vbox-item\" data-vbtype=\"youtube\" data-autoplay=\"true\" href=\"\"><\/a>\r\n                            <\/div>\r\n                        <\/div>\r\n                    <\/div>\r\n                <\/div>\r\n            <\/div>\r\n        <\/div>\r\n\r\n                <div class=\"google-map\">\r\n            <div class=\"container-fluid\">\r\n                <div class=\"row\">\r\n                    <div class=\"col-lg-12\">\r\n                        <iframe src=\"https:\/\/www.google.com\/maps\/embed?pb=!1m18!1m12!1m3!1d3057.191675031923!2d32.8041485!3d39.9818217!2m3!1f0!2f0!3f0!3m2!1i1024!2i768!4f13.1!3m3!1m2!1s0x14d34ba89125d631%3A0xb482bc9b1d95a057!2zUkVOS0zEsCBEw5zFnkxFUiBBTkFPS1VMVSBHw5xWRU5URVBF!5e0!3m2!1str!2str!4v1749113216304!5m2!1str!2str\" width=\"600\" height=\"450\"><\/iframe>                    <\/div>\r\n                <\/div>\r\n            <\/div>\r\n        <\/div>\r\n        \r\n\r\n    \t\t\t\t<\/div>\n\t\t\t\t<\/div>\n\t\t\t\t<\/div>\n\t\t\t\t<\/div>\n\t\t","protected":false},"excerpt":{"rendered":"<p>\u0130LET\u0130\u015e\u0130M ve \u015eUBELER\u0130M\u0130Z SANCAKTEPE \u015eUBE Sancaktepe, Arpa\u00e7ay Sk., 06220 Ke\u00e7i\u00f6ren\/Ankara B\u0130Z\u0130MLE \u0130LET\u0130\u015e\u0130ME GE\u00c7\u0130N\u0130Z G\u00dcVENTEPE \u015eUBE 610 CADDE, G\u00fcventepe, 617. Sk. 5\/A, 06210 Yenimahalle\/Ankara B\u0130Z\u0130MLE \u0130LET\u0130\u015e\u0130ME GE\u00c7\u0130N\u0130Z<\/p>\n","protected":false},"author":1,"featured_media":0,"parent":0,"menu_order":0,"comment_status":"closed","ping_status":"closed","template":"elementor_header_footer","meta":{"_acf_changed":false,"footnotes":""},"class_list":["post-331","page","type-page","status-publish","hentry"],"acf":[],"_links":{"self":[{"href":"https:\/\/www.renklidusleranaokulu.com.tr\/index.php\/wp-json\/wp\/v2\/pages\/331","targetHints":{"allow":["GET"]}}],"collection":[{"href":"https:\/\/www.renklidusleranaokulu.com.tr\/index.php\/wp-json\/wp\/v2\/pages"}],"about":[{"href":"https:\/\/www.renklidusleranaokulu.com.tr\/index.php\/wp-json\/wp\/v2\/types\/page"}],"author":[{"embeddable":true,"href":"https:\/\/www.renklidusleranaokulu.com.tr\/index.php\/wp-json\/wp\/v2\/users\/1"}],"replies":[{"embeddable":true,"href":"https:\/\/www.renklidusleranaokulu.com.tr\/index.php\/wp-json\/wp\/v2\/comments?post=331"}],"version-history":[{"count":20,"href":"https:\/\/www.renklidusleranaokulu.com.tr\/index.php\/wp-json\/wp\/v2\/pages\/331\/revisions"}],"predecessor-version":[{"id":1067,"href":"https:\/\/www.renklidusleranaokulu.com.tr\/index.php\/wp-json\/wp\/v2\/pages\/331\/revisions\/1067"}],"wp:attachment":[{"href":"https:\/\/www.renklidusleranaokulu.com.tr\/index.php\/wp-json\/wp\/v2\/media?parent=331"}],"curies":[{"name":"wp","href":"https:\/\/api.w.org\/{rel}","templated":true}]}}